{"id":414,"date":"2022-09-01T13:10:53","date_gmt":"2022-09-01T11:10:53","guid":{"rendered":"http:\/\/muzeumrycerzy.pl\/?page_id=414"},"modified":"2025-09-29T10:50:55","modified_gmt":"2025-09-29T08:50:55","slug":"strona-glowna-1","status":"publish","type":"page","link":"https:\/\/muzeumrycerzy.pl\/","title":{"rendered":"Strona g\u0142\u00f3wna"},"content":{"rendered":"<div class=\"wp-block-image\">\n<figure class=\"aligncenter size-full\"><img loading=\"lazy\" decoding=\"async\" width=\"1023\" height=\"387\" src=\"http:\/\/muzeumrycerzy.pl\/wp-content\/uploads\/2022\/09\/main_page_hero_06.09.png\" alt=\"\" class=\"wp-image-495\" srcset=\"https:\/\/muzeumrycerzy.pl\/wp-content\/uploads\/2022\/09\/main_page_hero_06.09.png 1023w, https:\/\/muzeumrycerzy.pl\/wp-content\/uploads\/2022\/09\/main_page_hero_06.09-300x113.png 300w, https:\/\/muzeumrycerzy.pl\/wp-content\/uploads\/2022\/09\/main_page_hero_06.09-768x291.png 768w\" sizes=\"auto, (max-width: 1023px) 100vw, 1023px\" \/><\/figure>\n<\/div>\n\n\n<div class=\"wp-block-columns alignwide has-white-background-color has-background is-layout-flex wp-container-core-columns-is-layout-0f690aae wp-block-columns-is-layout-flex\" style=\"padding-top:0px;padding-right:0px;padding-bottom:0px;padding-left:0px\">\n<div class=\"wp-block-column is-layout-flow wp-block-column-is-layout-flow\">\n<p class=\"has-text-align-center\"><strong>Ceny bilet\u00f3w<\/strong>:<\/p>\n\n\n\n<p class=\"has-text-align-center\">Bilet normalny: 22 z\u0142<\/p>\n\n\n\n<p class=\"has-text-align-center\">Bilet ulgowy*: 16 z\u0142<\/p>\n\n\n\n<p class=\"has-text-align-center\">Dzieci do lat 3: Wst\u0119p wolny<\/p>\n\n\n\n<p class=\"has-text-align-center\">*Ulga dla: Uczni\u00f3w, student\u00f3w i emeryt\u00f3w<\/p>\n<\/div>\n\n\n\n<div class=\"wp-block-column is-layout-flow wp-block-column-is-layout-flow\">\n<p class=\"has-text-align-center\"><strong>Godziny otwarcia<\/strong>:<\/p>\n\n\n\n<p class=\"has-text-align-center\">Od wtorku do soboty: <strong>10:00-16:00<\/strong><\/p>\n\n\n\n<p class=\"has-text-align-center\">Niedziela: <strong>10:00 &#8211; 15:00<\/strong><\/p>\n\n\n\n<p class=\"has-text-align-center\">Mo\u017cliwo\u015b\u0107 zwiedzania w innych godzinach po wcze\u015bniejszym kontakcie telefonicznym.<\/p>\n<\/div>\n\n\n\n<div class=\"wp-block-column is-layout-flow wp-block-column-is-layout-flow\">\n<p class=\"has-text-align-center\"><strong>Adres<\/strong>:<\/p>\n\n\n\n<p class=\"has-text-align-center\">Ul. Ma\u0142e Garbary 19, 87-100 Toru\u0144<\/p>\n\n\n\n<center><iframe src=\"https:\/\/www.google.com\/maps\/embed?pb=!1m18!1m12!1m3!1d2400.4863849953413!2d18.606072215825836!3d53.01161897991024!2m3!1f0!2f0!3f0!3m2!1i1024!2i768!4f13.1!3m3!1m2!1s0x470334e1f85472d5%3A0x243b72dd976de487!2sMa%C5%82e%20Garbary%2019%2C%2087-100%20Toru%C5%84!5e0!3m2!1spl!2spl!4v1621231372735!5m2!1spl!2spl\" style=\"border:0;\" allowfullscreen=\"\" loading=\"lazy\" width=\"300\" height=\"130\"><\/iframe><\/center>\n<\/div>\n<\/div>\n\n\n\n<div class=\"wp-block-columns alignwide has-white-background-color has-background is-layout-flex wp-container-core-columns-is-layout-0f690aae wp-block-columns-is-layout-flex\" style=\"padding-top:0px;padding-right:0px;padding-bottom:0px;padding-left:0px\">\n<div class=\"wp-block-column is-layout-flow wp-block-column-is-layout-flow\">\n<p class=\"has-text-align-center\"><strong>Lekcje muzealne<\/strong>:<\/p>\n\n\n\n<p class=\"has-text-align-center\">Koszt: 250 z\u0142<\/p>\n\n\n\n<p class=\"has-text-align-center\">Czas trwania: 45-60 minut<\/p>\n<\/div>\n\n\n\n<div class=\"wp-block-column is-layout-flow wp-block-column-is-layout-flow\">\n<p class=\"has-text-align-center\"><strong>Rezerwacje<\/strong>:<\/p>\n\n\n\n<p class=\"has-text-align-center\"><strong>Telefon:<\/strong> +48 786 202 526<\/p>\n\n\n\n<p class=\"has-text-align-center\"><strong>Email:<\/strong> muzeumrycerzy@gmail.com<\/p>\n<\/div>\n\n\n\n<div class=\"wp-block-column is-layout-flow wp-block-column-is-layout-flow\"><\/div>\n<\/div>\n","protected":false},"excerpt":{"rendered":"<p>Ceny bilet\u00f3w: Bilet normalny: 22 z\u0142 Bilet ulgowy*: 16 z\u0142 Dzieci do lat 3: Wst\u0119p wolny *Ulga dla: Uczni\u00f3w, student\u00f3w i emeryt\u00f3w Godziny otwarcia: Od wtorku do soboty: 10:00-16:00 Niedziela: 10:00 &#8211; 15:00 Mo\u017cliwo\u015b\u0107 zwiedzania w innych godzinach po wcze\u015bniejszym kontakcie telefonicznym. Adres: Ul. Ma\u0142e Garbary 19, 87-100 Toru\u0144 Lekcje muzealne: Koszt: 250 z\u0142 Czas &#8230; <a href=\"https:\/\/muzeumrycerzy.pl\/\" class=\"more-link\">Read More<span class=\"screen-reader-text\"> &#8222;Strona g\u0142\u00f3wna&#8221;<\/span> &raquo;<\/a><\/p>\n","protected":false},"author":2,"featured_media":0,"parent":0,"menu_order":0,"comment_status":"closed","ping_status":"closed","template":"","meta":{"footnotes":""},"class_list":["post-414","page","type-page","status-publish","hentry"],"_links":{"self":[{"href":"https:\/\/muzeumrycerzy.pl\/index.php\/wp-json\/wp\/v2\/pages\/414","targetHints":{"allow":["GET"]}}],"collection":[{"href":"https:\/\/muzeumrycerzy.pl\/index.php\/wp-json\/wp\/v2\/pages"}],"about":[{"href":"https:\/\/muzeumrycerzy.pl\/index.php\/wp-json\/wp\/v2\/types\/page"}],"author":[{"embeddable":true,"href":"https:\/\/muzeumrycerzy.pl\/index.php\/wp-json\/wp\/v2\/users\/2"}],"replies":[{"embeddable":true,"href":"https:\/\/muzeumrycerzy.pl\/index.php\/wp-json\/wp\/v2\/comments?post=414"}],"version-history":[{"count":93,"href":"https:\/\/muzeumrycerzy.pl\/index.php\/wp-json\/wp\/v2\/pages\/414\/revisions"}],"predecessor-version":[{"id":707,"href":"https:\/\/muzeumrycerzy.pl\/index.php\/wp-json\/wp\/v2\/pages\/414\/revisions\/707"}],"wp:attachment":[{"href":"https:\/\/muzeumrycerzy.pl\/index.php\/wp-json\/wp\/v2\/media?parent=414"}],"curies":[{"name":"wp","href":"https:\/\/api.w.org\/{rel}","templated":true}]}}