{"id":535,"date":"2022-10-08T20:22:33","date_gmt":"2022-10-08T18:22:33","guid":{"rendered":"http:\/\/muzeumrycerzy.pl\/?page_id=535"},"modified":"2024-05-11T13:02:32","modified_gmt":"2024-05-11T11:02:32","slug":"oferta-edukacyjna","status":"publish","type":"page","link":"https:\/\/muzeumrycerzy.pl\/index.php\/oferta-edukacyjna\/","title":{"rendered":"Oferta edukacyjna"},"content":{"rendered":"\n<div class=\"wp-block-columns are-vertically-aligned-center is-layout-flex wp-container-core-columns-is-layout-9d6595d7 wp-block-columns-is-layout-flex\">\n<div class=\"wp-block-column is-vertically-aligned-center is-layout-flow wp-block-column-is-layout-flow\" style=\"flex-basis:66.66%\">\n<p>Nasze zaj\u0119cia zosta\u0142y przygotowane dla r\u00f3\u017cnych grup wiekowych:<\/p>\n\n\n\n<ul class=\"wp-block-list\">\n<li>dla dzieci, kt\u00f3re w programie nie maj\u0105 jeszcze lekcji historii (wiek: 3-9 lat)<\/li>\n\n\n\n<li>dla uczni\u00f3w klas IV &#8211; VIII szk\u00f3\u0142 podstawowych<\/li>\n\n\n\n<li>dla uczni\u00f3w szk\u00f3\u0142 \u015brednich oraz student\u00f3w<\/li>\n<\/ul>\n\n\n\n<p>Wszystkie nasze lekcje muzealne bazuj\u0105 na metodzie dialogu z uczestnikami, na budowaniu ich wiedzy w oparciu o do\u015bwiadczanie oraz na uczeniu si\u0119 poprzez poznanie wielozmys\u0142owe. To zaj\u0119cia, na kt\u00f3rych historii mo\u017cna s\u0142ucha\u0107, dotyka\u0107 i smakowa\u0107.<\/p>\n<\/div>\n\n\n\n<div class=\"wp-block-column is-vertically-aligned-center is-layout-flow wp-block-column-is-layout-flow\" style=\"flex-basis:33.33%\"><div class=\"wp-block-image\">\n<figure class=\"aligncenter size-full is-resized\"><img loading=\"lazy\" decoding=\"async\" width=\"332\" height=\"449\" src=\"https:\/\/muzeumrycerzy.pl\/wp-content\/uploads\/2022\/10\/zdjecie-skrzynia-2-2.png\" alt=\"\" class=\"wp-image-581\" style=\"width:286px;height:381px\" srcset=\"https:\/\/muzeumrycerzy.pl\/wp-content\/uploads\/2022\/10\/zdjecie-skrzynia-2-2.png 332w, https:\/\/muzeumrycerzy.pl\/wp-content\/uploads\/2022\/10\/zdjecie-skrzynia-2-2-222x300.png 222w\" sizes=\"auto, (max-width: 332px) 100vw, 332px\" \/><\/figure>\n<\/div><\/div>\n<\/div>\n\n\n\n<div class=\"wp-block-columns is-layout-flex wp-container-core-columns-is-layout-9d6595d7 wp-block-columns-is-layout-flex\">\n<div class=\"wp-block-column is-layout-flow wp-block-column-is-layout-flow\">\n<figure class=\"wp-block-image size-large\"><img loading=\"lazy\" decoding=\"async\" width=\"1024\" height=\"613\" src=\"https:\/\/muzeumrycerzy.pl\/wp-content\/uploads\/2022\/10\/1_1-4-1024x613.png\" alt=\"\" class=\"wp-image-586\" srcset=\"https:\/\/muzeumrycerzy.pl\/wp-content\/uploads\/2022\/10\/1_1-4-1024x613.png 1024w, https:\/\/muzeumrycerzy.pl\/wp-content\/uploads\/2022\/10\/1_1-4-300x180.png 300w, https:\/\/muzeumrycerzy.pl\/wp-content\/uploads\/2022\/10\/1_1-4-768x460.png 768w, https:\/\/muzeumrycerzy.pl\/wp-content\/uploads\/2022\/10\/1_1-4-1536x919.png 1536w, https:\/\/muzeumrycerzy.pl\/wp-content\/uploads\/2022\/10\/1_1-4.png 1664w\" sizes=\"auto, (max-width: 1024px) 100vw, 1024px\" \/><\/figure>\n<\/div>\n\n\n\n<div class=\"wp-block-column is-layout-flow wp-block-column-is-layout-flow\">\n<p><strong><strong><strong>Skrzynia Dobrawy<\/strong><\/strong><\/strong><\/p>\n\n\n\n<p>Wprowadza w najstarsze dzieje Polski: uczniowie odkrywaj\u0105, co mog\u0142a wie\u017a\u0107 w swojej skrzyni posagowej ksi\u0119\u017cniczka Dobrawa, wyruszaj\u0105c z Czech na spotkanie z ksi\u0119ciem Polan Mieszkiem.<\/p>\n\n\n\n<p>W opracowaniu metodyki zaj\u0119\u0107 uczestniczy\u0142a prof. Violetta Julkowska z Instytutu Historii UAM w Poznaniu. Zaopiniowa\u0142a ona te\u017c pozytywnie przydatno\u015b\u0107 projektu na p\u00f3\u017aniejszych etapach kszta\u0142cenia.<\/p>\n<\/div>\n<\/div>\n\n\n\n<div class=\"wp-block-columns is-layout-flex wp-container-core-columns-is-layout-9d6595d7 wp-block-columns-is-layout-flex\">\n<div class=\"wp-block-column is-layout-flow wp-block-column-is-layout-flow\">\n<p><strong><strong><strong>Niepodleg\u0142a<\/strong><\/strong><\/strong><\/p>\n\n\n\n<p>To zaj\u0119cia, kt\u00f3re z powodzeniem mog\u0105 zast\u0105pi\u0107 akademi\u0119 rocznicow\u0105 11 Listopada. Podczas zabawy przy ogromnej mapie uczniowie odkrywaj\u0105, co doprowadzi\u0142o do rozbior\u00f3w Polski a co do odzyskania niepodleg\u0142o\u015bci w 1918 roku. Uczestnicz\u0105 r\u00f3wnie\u017c w warsztatach plastycznych, poznaj\u0105c bohater\u00f3w wydarze\u0144 sprzed stu lat.<\/p>\n<\/div>\n\n\n\n<div class=\"wp-block-column is-layout-flow wp-block-column-is-layout-flow\"><div class=\"wp-block-image\">\n<figure class=\"aligncenter size-large\"><img loading=\"lazy\" decoding=\"async\" width=\"1024\" height=\"613\" src=\"https:\/\/muzeumrycerzy.pl\/wp-content\/uploads\/2022\/10\/2_1-3-1024x613.jpg\" alt=\"\" class=\"wp-image-587\" srcset=\"https:\/\/muzeumrycerzy.pl\/wp-content\/uploads\/2022\/10\/2_1-3-1024x613.jpg 1024w, https:\/\/muzeumrycerzy.pl\/wp-content\/uploads\/2022\/10\/2_1-3-300x180.jpg 300w, https:\/\/muzeumrycerzy.pl\/wp-content\/uploads\/2022\/10\/2_1-3-768x460.jpg 768w, https:\/\/muzeumrycerzy.pl\/wp-content\/uploads\/2022\/10\/2_1-3-1536x920.jpg 1536w, https:\/\/muzeumrycerzy.pl\/wp-content\/uploads\/2022\/10\/2_1-3-2048x1227.jpg 2048w\" sizes=\"auto, (max-width: 1024px) 100vw, 1024px\" \/><\/figure>\n<\/div><\/div>\n<\/div>\n\n\n\n<div class=\"wp-block-columns is-layout-flex wp-container-core-columns-is-layout-9d6595d7 wp-block-columns-is-layout-flex\">\n<div class=\"wp-block-column is-layout-flow wp-block-column-is-layout-flow\">\n<figure class=\"wp-block-image size-large\"><img loading=\"lazy\" decoding=\"async\" width=\"1024\" height=\"1013\" src=\"https:\/\/muzeumrycerzy.pl\/wp-content\/uploads\/2023\/07\/20230628_104323-Copy-1024x1013.jpg\" alt=\"\" class=\"wp-image-615\" srcset=\"https:\/\/muzeumrycerzy.pl\/wp-content\/uploads\/2023\/07\/20230628_104323-Copy-1024x1013.jpg 1024w, https:\/\/muzeumrycerzy.pl\/wp-content\/uploads\/2023\/07\/20230628_104323-Copy-300x297.jpg 300w, https:\/\/muzeumrycerzy.pl\/wp-content\/uploads\/2023\/07\/20230628_104323-Copy-768x760.jpg 768w, https:\/\/muzeumrycerzy.pl\/wp-content\/uploads\/2023\/07\/20230628_104323-Copy-1536x1520.jpg 1536w, https:\/\/muzeumrycerzy.pl\/wp-content\/uploads\/2023\/07\/20230628_104323-Copy-2048x2027.jpg 2048w\" sizes=\"auto, (max-width: 1024px) 100vw, 1024px\" \/><\/figure>\n<\/div>\n\n\n\n<div class=\"wp-block-column is-vertically-aligned-center is-layout-flow wp-block-column-is-layout-flow\">\n<p><strong><strong><strong><strong><strong>Poczet Kr\u00f3l\u00f3w <\/strong>Polskich<\/strong><\/strong><\/strong><\/strong><\/p>\n\n\n\n<p>Lekcja muzealna POCZET KR\u00d3L\u00d3W POLSKICH bazuje na zestawie 10 figurek polskich w\u0142adc\u00f3w., wykonanych z \u017cywicy. Opracowana zosta\u0142a dla uczni\u00f3w klasy IV szko\u0142y podstawowej i wpisuje si\u0119 w podstaw\u0119 programow\u0105. Umo\u017cliwia&nbsp; uczestnikom ze specjalnymi potrzebami edukacyjnymi personalizacj\u0119 postaci historycznych takich jak Mieszko I, Dobrawa czy Boles\u0142aw Chrobry i dotykanie charakterystycznych detali miniaturowych przedstawie\u0144: korony, w\u0142\u00f3czni \u015awi\u0119tego&nbsp; Maurycego itd. Zaj\u0119cia umo\u017cliwiaj\u0105 czynny udzia\u0142 dzieci w sytuowaniu poszczeg\u00f3lnch w\u0142adc\u00f3w na osi czasu. W zaj\u0119ciach mo\u017ce bra\u0107 udzia\u0142 do 10 os\u00f3b, dla kt\u00f3rych dost\u0119pnych jest 5 komplet\u00f3w figurek.&nbsp;<\/p>\n<\/div>\n<\/div>\n\n\n\n<div class=\"wp-block-columns is-layout-flex wp-container-core-columns-is-layout-9d6595d7 wp-block-columns-is-layout-flex\">\n<div class=\"wp-block-column is-vertically-aligned-center is-layout-flow wp-block-column-is-layout-flow\">\n<p><strong><strong>Zosta\u0144 rycerzem<\/strong><\/strong><\/p>\n\n\n\n<p>Lekcja o epoce rycerskiej: trudne zagadnienia z podstawy programowej dla klasy V mo\u017cna poznawa\u0107 w bezpo\u015brednim kontakcie: podczas zaj\u0119\u0107 spr\u00f3bujemy wsp\u00f3lnie przymierzy\u0107 rycerski rynsztunek i sprawdzi\u0107, dlaczego nie ka\u017cdy giermek zostawa\u0142 rycerzem.<\/p>\n<\/div>\n\n\n\n<div class=\"wp-block-column is-layout-flow wp-block-column-is-layout-flow\"><div class=\"wp-block-image\">\n<figure class=\"aligncenter size-large is-resized\"><img loading=\"lazy\" decoding=\"async\" width=\"768\" height=\"1024\" src=\"https:\/\/muzeumrycerzy.pl\/wp-content\/uploads\/2023\/08\/Oferta-edukacyjna-2-768x1024.jpg\" alt=\"\" class=\"wp-image-619\" style=\"width:330px;height:440px\" srcset=\"https:\/\/muzeumrycerzy.pl\/wp-content\/uploads\/2023\/08\/Oferta-edukacyjna-2-768x1024.jpg 768w, https:\/\/muzeumrycerzy.pl\/wp-content\/uploads\/2023\/08\/Oferta-edukacyjna-2-225x300.jpg 225w, https:\/\/muzeumrycerzy.pl\/wp-content\/uploads\/2023\/08\/Oferta-edukacyjna-2-1152x1536.jpg 1152w, https:\/\/muzeumrycerzy.pl\/wp-content\/uploads\/2023\/08\/Oferta-edukacyjna-2-1536x2048.jpg 1536w, https:\/\/muzeumrycerzy.pl\/wp-content\/uploads\/2023\/08\/Oferta-edukacyjna-2-scaled.jpg 1920w\" sizes=\"auto, (max-width: 768px) 100vw, 768px\" \/><\/figure>\n<\/div><\/div>\n<\/div>\n\n\n\n<div class=\"wp-block-columns is-layout-flex wp-container-core-columns-is-layout-9d6595d7 wp-block-columns-is-layout-flex\">\n<div class=\"wp-block-column is-layout-flow wp-block-column-is-layout-flow\">\n<figure class=\"wp-block-image size-full\"><img loading=\"lazy\" decoding=\"async\" width=\"793\" height=\"664\" src=\"https:\/\/muzeumrycerzy.pl\/wp-content\/uploads\/2023\/08\/Oferta-edukacyjna-1-1.png\" alt=\"\" class=\"wp-image-636\" srcset=\"https:\/\/muzeumrycerzy.pl\/wp-content\/uploads\/2023\/08\/Oferta-edukacyjna-1-1.png 793w, https:\/\/muzeumrycerzy.pl\/wp-content\/uploads\/2023\/08\/Oferta-edukacyjna-1-1-300x251.png 300w, https:\/\/muzeumrycerzy.pl\/wp-content\/uploads\/2023\/08\/Oferta-edukacyjna-1-1-768x643.png 768w\" sizes=\"auto, (max-width: 793px) 100vw, 793px\" \/><\/figure>\n<\/div>\n\n\n\n<div class=\"wp-block-column is-vertically-aligned-center is-layout-flow wp-block-column-is-layout-flow\">\n<p><strong><strong><strong><strong><strong>Zakony rycerskie<\/strong><\/strong><\/strong><\/strong><\/strong><\/p>\n\n\n\n<p>Czy chi\u0144ski klasztor Shaolin ma co\u015b wsp\u00f3lnego z joanitami i templariuszami? Ilu&nbsp; polskich rycerzy walczy\u0142o w Ziemi \u015awi\u0119tej? Dlaczego wielki mistrz zakonu krzy\u017cackiego nie zosta\u0142 ojcem chrzestnym W\u0142adys\u0142awa Jagie\u0142\u0142y? Zbiory naszego muzeum s\u0105 doskona\u0142\u0105 baz\u0105, by wsp\u00f3lnie znale\u017a\u0107 odpowied\u017a na te i wiele innych pyta\u0144 o histori\u0119 zakon\u00f3w rycerskich.&nbsp;<\/p>\n<\/div>\n<\/div>\n\n\n\n<pre class=\"wp-block-verse has-text-align-center\"><strong>Cennik zaj\u0119\u0107<\/strong><br><strong>Lekcja muzealna:<\/strong> 250 z\u0142<br><strong>Czas trwania:<\/strong> 45 minut<br><strong>Liczba uczestnik\u00f3w:<\/strong> 10-25 os\u00f3b<br><br>Telefon: +48 883 202 526<br>Email: kasiaczarna77@gmail.com<\/pre>\n\n\n\n<pre class=\"wp-block-verse has-text-align-center\">Wyposa\u017cenie muzeum w sprz\u0119t do prowadzenia lekcji muzealnych:\nPoczet kr\u00f3l\u00f3w polskich, Zakony rycerskie  oraz Poznaj rycerza \nsfinansowano ze \u015brodk\u00f3w grantu \"Poznanie przez dotykanie\", realizowanego w ramach projektu pn. Turystyka dost\u0119pna 1.0. wsp\u00f3\u0142finansowanego ze \u015brodk\u00f3w PFRON, w ramach pilota\u017cowego programu \"Dost\u0119pno\u015b\u0107 ponad barierami\". Dzi\u0119ki grantowi oferta zosta\u0142a dostosowana do potrzeb os\u00f3b z niepe\u0142nosprawno\u015bciami i uczni\u00f3w ze specjalnymi potrzebami edukacyjnymi. Mo\u017ce by\u0107 realizowana zar\u00f3wno w naszym muzeum jak i w formule wyjazdowej.<\/pre>\n","protected":false},"excerpt":{"rendered":"<p>Nasze zaj\u0119cia zosta\u0142y przygotowane dla r\u00f3\u017cnych grup wiekowych: Wszystkie nasze lekcje muzealne bazuj\u0105 na metodzie dialogu z uczestnikami, na budowaniu ich wiedzy w oparciu o do\u015bwiadczanie oraz na uczeniu si\u0119 poprzez poznanie wielozmys\u0142owe. To zaj\u0119cia, na kt\u00f3rych historii mo\u017cna s\u0142ucha\u0107, dotyka\u0107 i smakowa\u0107. Skrzynia Dobrawy Wprowadza w najstarsze dzieje Polski: uczniowie odkrywaj\u0105, co mog\u0142a wie\u017a\u0107 &#8230; <a href=\"https:\/\/muzeumrycerzy.pl\/index.php\/oferta-edukacyjna\/\" class=\"more-link\">Read More<span class=\"screen-reader-text\"> &#8222;Oferta edukacyjna&#8221;<\/span> &raquo;<\/a><\/p>\n","protected":false},"author":2,"featured_media":0,"parent":0,"menu_order":0,"comment_status":"closed","ping_status":"closed","template":"","meta":{"footnotes":""},"class_list":["post-535","page","type-page","status-publish","hentry"],"_links":{"self":[{"href":"https:\/\/muzeumrycerzy.pl\/index.php\/wp-json\/wp\/v2\/pages\/535","targetHints":{"allow":["GET"]}}],"collection":[{"href":"https:\/\/muzeumrycerzy.pl\/index.php\/wp-json\/wp\/v2\/pages"}],"about":[{"href":"https:\/\/muzeumrycerzy.pl\/index.php\/wp-json\/wp\/v2\/types\/page"}],"author":[{"embeddable":true,"href":"https:\/\/muzeumrycerzy.pl\/index.php\/wp-json\/wp\/v2\/users\/2"}],"replies":[{"embeddable":true,"href":"https:\/\/muzeumrycerzy.pl\/index.php\/wp-json\/wp\/v2\/comments?post=535"}],"version-history":[{"count":35,"href":"https:\/\/muzeumrycerzy.pl\/index.php\/wp-json\/wp\/v2\/pages\/535\/revisions"}],"predecessor-version":[{"id":649,"href":"https:\/\/muzeumrycerzy.pl\/index.php\/wp-json\/wp\/v2\/pages\/535\/revisions\/649"}],"wp:attachment":[{"href":"https:\/\/muzeumrycerzy.pl\/index.php\/wp-json\/wp\/v2\/media?parent=535"}],"curies":[{"name":"wp","href":"https:\/\/api.w.org\/{rel}","templated":true}]}}